{"id":7402,"date":"2025-03-15T18:39:07","date_gmt":"2025-03-15T18:39:07","guid":{"rendered":"https:\/\/preisscoaching.de\/sobre-mi\/"},"modified":"2025-04-01T20:33:32","modified_gmt":"2025-04-01T20:33:32","slug":"sobre-mi","status":"publish","type":"page","link":"https:\/\/preisscoaching.de\/es\/sobre-mi\/","title":{"rendered":"Sobre m\u00ed"},"content":{"rendered":"\t\t<div data-elementor-type=\"wp-page\" data-elementor-id=\"7402\" class=\"elementor elementor-7402 elementor-6960\">\n\t\t\t\t<div class=\"elementor-element elementor-element-b8d28e8 e-con-full e-flex e-con e-parent\" data-id=\"b8d28e8\" data-element_type=\"container\" data-e-type=\"container\">\n\t\t\t\t<div class=\"elementor-element elementor-element-8788844 elementor-hidden-desktop elementor-hidden-tablet elementor-hidden-mobile elementor-widget elementor-widget-wellmont_core_section_title\" data-id=\"8788844\" data-element_type=\"widget\" data-e-type=\"widget\" data-widget_type=\"wellmont_core_section_title.default\">\n\t\t\t\t<div class=\"elementor-widget-container\">\n\t\t\t\t\t<div class=\"qodef-shortcode qodef-m  qodef-section-title qodef-alignment--center \">\n\t\t\t<h2 class=\"qodef-m-title\" >\n\t\t\t\t\tCoaching sistem\u00e1tico\t\t\t<\/h2>\n\t\t<\/div>\n\t\t\t\t<\/div>\n\t\t\t\t<\/div>\n\t\t\t\t<\/div>\n\t\t\t\t<section class=\"elementor-section elementor-top-section elementor-element elementor-element-5677134 elementor-section-full_width elementor-reverse-tablet elementor-reverse-mobile qodef-elementor-content-grid elementor-section-height-default elementor-section-height-default\" data-id=\"5677134\" data-element_type=\"section\" data-e-type=\"section\">\n\t\t\t\t\t\t<div class=\"elementor-container elementor-column-gap-default\">\n\t\t\t\t\t<div class=\"elementor-column elementor-col-50 elementor-top-column elementor-element elementor-element-e6e507a\" data-id=\"e6e507a\" data-element_type=\"column\" data-e-type=\"column\">\n\t\t\t<div class=\"elementor-widget-wrap elementor-element-populated\">\n\t\t\t\t\t\t<div class=\"elementor-element elementor-element-39d1491 elementor-widget elementor-widget-wellmont_core_section_title\" data-id=\"39d1491\" data-element_type=\"widget\" data-e-type=\"widget\" data-widget_type=\"wellmont_core_section_title.default\">\n\t\t\t\t<div class=\"elementor-widget-container\">\n\t\t\t\t\t<div class=\"qodef-shortcode qodef-m  qodef-section-title qodef-alignment--left \">\n\t\t\t<h1 class=\"qodef-m-title\" style=\"color: #000000\">\n\t\t\t\t\tJulia Preiss\t\t\t<\/h1>\n\t\t<p class=\"qodef-m-subtitle\" style=\"margin-top: 10px;color: #000000\">Coach sist\u00e9mica y psic\u00f3loga<\/p>\n\t<\/div>\n\t\t\t\t<\/div>\n\t\t\t\t<\/div>\n\t\t\t\t<div class=\"elementor-element elementor-element-c092103 elementor-widget elementor-widget-text-editor\" data-id=\"c092103\" data-element_type=\"widget\" data-e-type=\"widget\" data-widget_type=\"text-editor.default\">\n\t\t\t\t<div class=\"elementor-widget-container\">\n\t\t\t\t\t\t\t\t\t<p>Llevo muchos a\u00f1os apoyando a ni\u00f1os, j\u00f3venes y adultos en fases dif\u00edciles de la vida. Ya se trate de una crisis personal, una enfermedad cr\u00f3nica o mental, retos en el trabajo o la sensaci\u00f3n de estar estancado, estoy aqu\u00ed para apoyarte en tu camino.<\/p><p>La primera vez que entr\u00e9 en contacto con el enfoque sist\u00e9mico fue durante mis estudios de psicolog\u00eda en Frankfurt, e inmediatamente me entusiasm\u00f3. Me demostr\u00f3 que los seres humanos no existimos aislados de nuestro entorno. Nuestros pensamientos, sentimientos y comportamientos siempre surgen en interacci\u00f3n con nuestro entorno, ya sea la familia, el trabajo o los amigos. Por eso me form\u00e9 como coach sist\u00e9mica, para poder trabajar con este enfoque de un modo a\u00fan m\u00e1s espec\u00edfico y ayudar a las personas a comprender sus problemas en un contexto m\u00e1s amplio.<\/p>\t\t\t\t\t\t\t\t<\/div>\n\t\t\t\t<\/div>\n\t\t\t\t<div class=\"elementor-element elementor-element-e01b7c3 e-grid-align-left elementor-shape-rounded elementor-grid-0 elementor-widget elementor-widget-social-icons\" data-id=\"e01b7c3\" data-element_type=\"widget\" data-e-type=\"widget\" data-widget_type=\"social-icons.default\">\n\t\t\t\t<div class=\"elementor-widget-container\">\n\t\t\t\t\t\t\t<div class=\"elementor-social-icons-wrapper elementor-grid\" role=\"list\">\n\t\t\t\t\t\t\t<span class=\"elementor-grid-item\" role=\"listitem\">\n\t\t\t\t\t<a class=\"elementor-icon elementor-social-icon elementor-social-icon-linkedin elementor-repeater-item-a4757a8\" href=\"https:\/\/www.linkedin.com\/in\/julia-prei%C3%9F-42a874195\/\" target=\"_blank\">\n\t\t\t\t\t\t<span class=\"elementor-screen-only\">Linkedin<\/span>\n\t\t\t\t\t\t<svg aria-hidden=\"true\" class=\"e-font-icon-svg e-fab-linkedin\" viewBox=\"0 0 448 512\" xmlns=\"http:\/\/www.w3.org\/2000\/svg\"><path d=\"M416 32H31.9C14.3 32 0 46.5 0 64.3v383.4C0 465.5 14.3 480 31.9 480H416c17.6 0 32-14.5 32-32.3V64.3c0-17.8-14.4-32.3-32-32.3zM135.4 416H69V202.2h66.5V416zm-33.2-243c-21.3 0-38.5-17.3-38.5-38.5S80.9 96 102.2 96c21.2 0 38.5 17.3 38.5 38.5 0 21.3-17.2 38.5-38.5 38.5zm282.1 243h-66.4V312c0-24.8-.5-56.7-34.5-56.7-34.6 0-39.9 27-39.9 54.9V416h-66.4V202.2h63.7v29.2h.9c8.9-16.8 30.6-34.5 62.9-34.5 67.2 0 79.7 44.3 79.7 101.9V416z\"><\/path><\/svg>\t\t\t\t\t<\/a>\n\t\t\t\t<\/span>\n\t\t\t\t\t\t\t<span class=\"elementor-grid-item\" role=\"listitem\">\n\t\t\t\t\t<a class=\"elementor-icon elementor-social-icon elementor-social-icon-instagram elementor-repeater-item-09b8051\" href=\"https:\/\/www.instagram.com\/preisscoaching\" target=\"_blank\">\n\t\t\t\t\t\t<span class=\"elementor-screen-only\">Instagram<\/span>\n\t\t\t\t\t\t<svg aria-hidden=\"true\" class=\"e-font-icon-svg e-fab-instagram\" viewBox=\"0 0 448 512\" xmlns=\"http:\/\/www.w3.org\/2000\/svg\"><path d=\"M224.1 141c-63.6 0-114.9 51.3-114.9 114.9s51.3 114.9 114.9 114.9S339 319.5 339 255.9 287.7 141 224.1 141zm0 189.6c-41.1 0-74.7-33.5-74.7-74.7s33.5-74.7 74.7-74.7 74.7 33.5 74.7 74.7-33.6 74.7-74.7 74.7zm146.4-194.3c0 14.9-12 26.8-26.8 26.8-14.9 0-26.8-12-26.8-26.8s12-26.8 26.8-26.8 26.8 12 26.8 26.8zm76.1 27.2c-1.7-35.9-9.9-67.7-36.2-93.9-26.2-26.2-58-34.4-93.9-36.2-37-2.1-147.9-2.1-184.9 0-35.8 1.7-67.6 9.9-93.9 36.1s-34.4 58-36.2 93.9c-2.1 37-2.1 147.9 0 184.9 1.7 35.9 9.9 67.7 36.2 93.9s58 34.4 93.9 36.2c37 2.1 147.9 2.1 184.9 0 35.9-1.7 67.7-9.9 93.9-36.2 26.2-26.2 34.4-58 36.2-93.9 2.1-37 2.1-147.8 0-184.8zM398.8 388c-7.8 19.6-22.9 34.7-42.6 42.6-29.5 11.7-99.5 9-132.1 9s-102.7 2.6-132.1-9c-19.6-7.8-34.7-22.9-42.6-42.6-11.7-29.5-9-99.5-9-132.1s-2.6-102.7 9-132.1c7.8-19.6 22.9-34.7 42.6-42.6 29.5-11.7 99.5-9 132.1-9s102.7-2.6 132.1 9c19.6 7.8 34.7 22.9 42.6 42.6 11.7 29.5 9 99.5 9 132.1s2.7 102.7-9 132.1z\"><\/path><\/svg>\t\t\t\t\t<\/a>\n\t\t\t\t<\/span>\n\t\t\t\t\t<\/div>\n\t\t\t\t\t\t<\/div>\n\t\t\t\t<\/div>\n\t\t\t\t<div class=\"elementor-element elementor-element-bdf7673 elementor-hidden-desktop elementor-hidden-tablet elementor-hidden-mobile elementor-widget elementor-widget-image\" data-id=\"bdf7673\" data-element_type=\"widget\" data-e-type=\"widget\" data-widget_type=\"image.default\">\n\t\t\t\t<div class=\"elementor-widget-container\">\n\t\t\t\t\t\t\t\t\t\t\t\t\t\t\t<img decoding=\"async\" src=\"https:\/\/preisscoaching.de\/wp-content\/uploads\/elementor\/thumbs\/preview-e1740145128649-r1u2c1h2erg2v9f3abu1kkuxfymbtimrobzjuf426c.jpg\" title=\"preview\" alt=\"preview\" loading=\"lazy\" \/>\t\t\t\t\t\t\t\t\t\t\t\t\t\t\t<\/div>\n\t\t\t\t<\/div>\n\t\t\t\t\t<\/div>\n\t\t<\/div>\n\t\t\t\t<div class=\"elementor-column elementor-col-50 elementor-top-column elementor-element elementor-element-811aefb\" data-id=\"811aefb\" data-element_type=\"column\" data-e-type=\"column\">\n\t\t\t<div class=\"elementor-widget-wrap elementor-element-populated\">\n\t\t\t\t\t\t<div class=\"elementor-element elementor-element-8f883f6 elementor-widget__width-initial elementor-widget elementor-widget-wellmont_core_single_image\" data-id=\"8f883f6\" data-element_type=\"widget\" data-e-type=\"widget\" data-widget_type=\"wellmont_core_single_image.default\">\n\t\t\t\t<div class=\"elementor-widget-container\">\n\t\t\t\t\t<div class=\"qodef-shortcode qodef-m  qodef-single-image qodef-layout--default  \">\n\t\t\t<div class=\"qodef-m-image\">\n\t\t\t\t\t\t\t\t<img fetchpriority=\"high\" decoding=\"async\" width=\"1300\" height=\"1300\" src=\"https:\/\/preisscoaching.de\/wp-content\/uploads\/2025\/02\/Bearbeitung-4-scaled-e1740565664461-1300x1300.jpg\" class=\"attachment-wellmont_core_image_size_huge-square size-wellmont_core_image_size_huge-square\" alt=\"\" srcset=\"https:\/\/preisscoaching.de\/wp-content\/uploads\/2025\/02\/Bearbeitung-4-scaled-e1740565664461-1300x1300.jpg 1300w, https:\/\/preisscoaching.de\/wp-content\/uploads\/2025\/02\/Bearbeitung-4-scaled-e1740565664461-150x150.jpg 150w, https:\/\/preisscoaching.de\/wp-content\/uploads\/2025\/02\/Bearbeitung-4-scaled-e1740565664461-650x650.jpg 650w\" sizes=\"(max-width: 1300px) 100vw, 1300px\" \/>\t\t\t\t\t\t\t<\/div>\n\t<\/div>\n\t\t\t\t<\/div>\n\t\t\t\t<\/div>\n\t\t\t\t\t<\/div>\n\t\t<\/div>\n\t\t\t\t\t<\/div>\n\t\t<\/section>\n\t\t\t\t<section class=\"elementor-section elementor-top-section elementor-element elementor-element-17efd5b elementor-section-full_width qodef-elementor-content-grid elementor-section-height-default elementor-section-height-default\" data-id=\"17efd5b\" data-element_type=\"section\" data-e-type=\"section\">\n\t\t\t\t\t\t<div class=\"elementor-container elementor-column-gap-default\">\n\t\t\t\t\t<div class=\"elementor-column elementor-col-100 elementor-top-column elementor-element elementor-element-e0fdec4\" data-id=\"e0fdec4\" data-element_type=\"column\" data-e-type=\"column\">\n\t\t\t<div class=\"elementor-widget-wrap elementor-element-populated\">\n\t\t\t\t\t\t<div class=\"elementor-element elementor-element-24c9cba elementor-widget__width-initial elementor-widget elementor-widget-wellmont_core_section_title\" data-id=\"24c9cba\" data-element_type=\"widget\" data-e-type=\"widget\" data-widget_type=\"wellmont_core_section_title.default\">\n\t\t\t\t<div class=\"elementor-widget-container\">\n\t\t\t\t\t<div class=\"qodef-shortcode qodef-m  qodef-section-title qodef-alignment--left \">\n\t\t\t<h2 class=\"qodef-m-title\" style=\"color: #000000\">\n\t\t\t\t\tEntrenamiento a la altura de los ojos\t\t\t<\/h2>\n\t\t<\/div>\n\t\t\t\t<\/div>\n\t\t\t\t<\/div>\n\t\t\t\t<div class=\"elementor-element elementor-element-942f78a elementor-widget elementor-widget-text-editor\" data-id=\"942f78a\" data-element_type=\"widget\" data-e-type=\"widget\" data-widget_type=\"text-editor.default\">\n\t\t\t\t<div class=\"elementor-widget-container\">\n\t\t\t\t\t\t\t\t\t<p>Para m\u00ed es importante acompa\u00f1arte a la altura de los ojos, sin juzgarte, pero con aut\u00e9ntico inter\u00e9s y apertura a tu historia. Estoy convencida de que todo el mundo tiene la capacidad de cambiar las cosas y descubrir nuevos caminos. A veces s\u00f3lo hace falta el impulso adecuado o un espacio seguro para encontrar la claridad.    <\/p><p>Mi coaching no consiste en soluciones prefabricadas, sino en descubrir juntos lo que funciona para ti. Creo un espacio apreciativo en el que puedes ordenar tus pensamientos, desarrollar nuevas perspectivas y seguir tu propio camino paso a paso.   <\/p>\t\t\t\t\t\t\t\t<\/div>\n\t\t\t\t<\/div>\n\t\t\t\t\t<\/div>\n\t\t<\/div>\n\t\t\t\t\t<\/div>\n\t\t<\/section>\n\t\t\t\t<section class=\"elementor-section elementor-top-section elementor-element elementor-element-f663648 elementor-section-boxed elementor-section-height-default elementor-section-height-default\" data-id=\"f663648\" data-element_type=\"section\" data-e-type=\"section\">\n\t\t\t\t\t\t<div class=\"elementor-container elementor-column-gap-default\">\n\t\t\t\t\t<div class=\"elementor-column elementor-col-100 elementor-top-column elementor-element elementor-element-26ef7e8\" data-id=\"26ef7e8\" data-element_type=\"column\" data-e-type=\"column\">\n\t\t\t<div class=\"elementor-widget-wrap elementor-element-populated\">\n\t\t\t\t\t\t<section class=\"elementor-section elementor-inner-section elementor-element elementor-element-5d970cc elementor-section-boxed elementor-section-height-default elementor-section-height-default\" data-id=\"5d970cc\" data-element_type=\"section\" data-e-type=\"section\">\n\t\t\t\t\t\t<div class=\"elementor-container elementor-column-gap-default\">\n\t\t\t\t\t<div class=\"elementor-column elementor-col-50 elementor-inner-column elementor-element elementor-element-7341208\" data-id=\"7341208\" data-element_type=\"column\" data-e-type=\"column\">\n\t\t\t<div class=\"elementor-widget-wrap elementor-element-populated\">\n\t\t\t\t\t\t<div class=\"elementor-element elementor-element-3446663 elementor-widget elementor-widget-wellmont_core_icon_with_text\" data-id=\"3446663\" data-element_type=\"widget\" data-e-type=\"widget\" data-widget_type=\"wellmont_core_icon_with_text.default\">\n\t\t\t\t<div class=\"elementor-widget-container\">\n\t\t\t\t\t<div class=\"qodef-shortcode qodef-m  qodef-icon-with-text qodef-layout--before-content qodef--custom-icon  qodef-background-icon-image--yes\">\n\t<div class=\"qodef-m-icon-wrapper\" >\n\t\t\t<span class=\"qodef-m-icon\" >\n\t\t\t\t<img decoding=\"async\" width=\"41\" height=\"41\" src=\"https:\/\/preisscoaching.de\/wp-content\/uploads\/2025\/02\/icons8-handshake-41.png\" class=\"attachment-full size-full\" alt=\"\" \/>\t\t\t<\/span>\n\t\t\t<span class=\"qodef-m-bg-icon-image\">\n\t\t<img decoding=\"async\" width=\"50\" height=\"50\" src=\"https:\/\/preisscoaching.de\/wp-content\/uploads\/2025\/03\/Backround.png\" class=\"attachment-full size-full\" alt=\"\" \/>\t<\/span>\n\t<\/div>\n\t<div class=\"qodef-m-content\">\n\t\t\t<h4 class=\"qodef-m-title\" style=\"margin-top: 5px;color: #000000\">\n\t\t\t\t\t<span class=\"qodef-m-title-text\">Confianza<\/span>\n\t\t\t<\/h4>\n\t\t\t<p class=\"qodef-m-text\" style=\"color: #000000\">Comunicaci\u00f3n respetuosa y honesta.<\/p>\n\t<\/div>\n<\/div>\n\t\t\t\t<\/div>\n\t\t\t\t<\/div>\n\t\t\t\t<div class=\"elementor-element elementor-element-aec141d elementor-widget elementor-widget-wellmont_core_icon_with_text\" data-id=\"aec141d\" data-element_type=\"widget\" data-e-type=\"widget\" data-widget_type=\"wellmont_core_icon_with_text.default\">\n\t\t\t\t<div class=\"elementor-widget-container\">\n\t\t\t\t\t<div class=\"qodef-shortcode qodef-m  qodef-icon-with-text qodef-layout--before-content qodef--custom-icon  qodef-background-icon-image--yes\">\n\t<div class=\"qodef-m-icon-wrapper\" >\n\t\t\t<span class=\"qodef-m-icon\" >\n\t\t\t\t<img loading=\"lazy\" decoding=\"async\" width=\"41\" height=\"41\" src=\"https:\/\/preisscoaching.de\/wp-content\/uploads\/2025\/02\/icons8-lightbulb-41.png\" class=\"attachment-full size-full\" alt=\"\" \/>\t\t\t<\/span>\n\t\t\t<span class=\"qodef-m-bg-icon-image\">\n\t\t<img decoding=\"async\" width=\"50\" height=\"50\" src=\"https:\/\/preisscoaching.de\/wp-content\/uploads\/2025\/03\/Backround.png\" class=\"attachment-full size-full\" alt=\"\" \/>\t<\/span>\n\t<\/div>\n\t<div class=\"qodef-m-content\">\n\t\t\t<h4 class=\"qodef-m-title\" style=\"margin-top: 5px;color: #000000\">\n\t\t\t\t\t<span class=\"qodef-m-title-text\">Claridad <\/span>\n\t\t\t<\/h4>\n\t\t\t<p class=\"qodef-m-text\" style=\"color: #000000\">Soluciones que dan orientacion.<\/p>\n\t<\/div>\n<\/div>\n\t\t\t\t<\/div>\n\t\t\t\t<\/div>\n\t\t\t\t\t<\/div>\n\t\t<\/div>\n\t\t\t\t<div class=\"elementor-column elementor-col-50 elementor-inner-column elementor-element elementor-element-e692d8f\" data-id=\"e692d8f\" data-element_type=\"column\" data-e-type=\"column\">\n\t\t\t<div class=\"elementor-widget-wrap elementor-element-populated\">\n\t\t\t\t\t\t<div class=\"elementor-element elementor-element-6e3bbe4 elementor-widget elementor-widget-wellmont_core_icon_with_text\" data-id=\"6e3bbe4\" data-element_type=\"widget\" data-e-type=\"widget\" data-widget_type=\"wellmont_core_icon_with_text.default\">\n\t\t\t\t<div class=\"elementor-widget-container\">\n\t\t\t\t\t<div class=\"qodef-shortcode qodef-m  qodef-icon-with-text qodef-layout--before-content qodef--custom-icon  qodef-background-icon-image--yes\">\n\t<div class=\"qodef-m-icon-wrapper\" >\n\t\t\t<span class=\"qodef-m-icon\" >\n\t\t\t\t<img loading=\"lazy\" decoding=\"async\" width=\"41\" height=\"41\" src=\"https:\/\/preisscoaching.de\/wp-content\/uploads\/2025\/02\/icons8-circular-arrows-41.png\" class=\"attachment-full size-full\" alt=\"\" \/>\t\t\t<\/span>\n\t\t\t<span class=\"qodef-m-bg-icon-image\">\n\t\t<img decoding=\"async\" width=\"50\" height=\"50\" src=\"https:\/\/preisscoaching.de\/wp-content\/uploads\/2025\/03\/Backround.png\" class=\"attachment-full size-full\" alt=\"\" \/>\t<\/span>\n\t<\/div>\n\t<div class=\"qodef-m-content\">\n\t\t\t<h4 class=\"qodef-m-title\" style=\"margin-top: 5px;color: #000000\">\n\t\t\t\t\t<span class=\"qodef-m-title-text\">Cambio<\/span>\n\t\t\t<\/h4>\n\t\t\t<p class=\"qodef-m-text\" style=\"color: #000000\">Cambios sostenibles que funcionan.<\/p>\n\t<\/div>\n<\/div>\n\t\t\t\t<\/div>\n\t\t\t\t<\/div>\n\t\t\t\t<div class=\"elementor-element elementor-element-edcf9ac elementor-widget elementor-widget-wellmont_core_icon_with_text\" data-id=\"edcf9ac\" data-element_type=\"widget\" data-e-type=\"widget\" data-widget_type=\"wellmont_core_icon_with_text.default\">\n\t\t\t\t<div class=\"elementor-widget-container\">\n\t\t\t\t\t<div class=\"qodef-shortcode qodef-m  qodef-icon-with-text qodef-layout--before-content qodef--custom-icon  qodef-background-icon-image--yes\">\n\t<div class=\"qodef-m-icon-wrapper\" >\n\t\t\t<span class=\"qodef-m-icon\" >\n\t\t\t\t<img loading=\"lazy\" decoding=\"async\" width=\"41\" height=\"41\" src=\"https:\/\/preisscoaching.de\/wp-content\/uploads\/2025\/02\/icons8-puzzle-piece-41.png\" class=\"attachment-full size-full\" alt=\"\" \/>\t\t\t<\/span>\n\t\t\t<span class=\"qodef-m-bg-icon-image\">\n\t\t<img decoding=\"async\" width=\"50\" height=\"50\" src=\"https:\/\/preisscoaching.de\/wp-content\/uploads\/2025\/03\/Backround.png\" class=\"attachment-full size-full\" alt=\"\" \/>\t<\/span>\n\t<\/div>\n\t<div class=\"qodef-m-content\">\n\t\t\t<h4 class=\"qodef-m-title\" style=\"margin-top: 5px;color: #000000\">\n\t\t\t\t\t<span class=\"qodef-m-title-text\">A medida<\/span>\n\t\t\t<\/h4>\n\t\t\t<p class=\"qodef-m-text\" style=\"color: #000000\">Enfoques que se adaptan perfectamente a ti.<\/p>\n\t<\/div>\n<\/div>\n\t\t\t\t<\/div>\n\t\t\t\t<\/div>\n\t\t\t\t\t<\/div>\n\t\t<\/div>\n\t\t\t\t\t<\/div>\n\t\t<\/section>\n\t\t\t\t\t<\/div>\n\t\t<\/div>\n\t\t\t\t\t<\/div>\n\t\t<\/section>\n\t\t\t\t<section class=\"elementor-section elementor-top-section elementor-element elementor-element-00e4ec5 elementor-section-full_width elementor-reverse-tablet elementor-reverse-mobile qodef-elementor-content-grid elementor-section-height-default elementor-section-height-default\" data-id=\"00e4ec5\" data-element_type=\"section\" data-e-type=\"section\">\n\t\t\t\t\t\t<div class=\"elementor-container elementor-column-gap-default\">\n\t\t\t\t\t<div class=\"elementor-column elementor-col-50 elementor-top-column elementor-element elementor-element-016ecf8\" data-id=\"016ecf8\" data-element_type=\"column\" data-e-type=\"column\">\n\t\t\t<div class=\"elementor-widget-wrap elementor-element-populated\">\n\t\t\t\t\t\t<div class=\"elementor-element elementor-element-04e2de0 elementor-hidden-tablet elementor-hidden-mobile elementor-widget elementor-widget-wellmont_core_section_title\" data-id=\"04e2de0\" data-element_type=\"widget\" data-e-type=\"widget\" data-widget_type=\"wellmont_core_section_title.default\">\n\t\t\t\t<div class=\"elementor-widget-container\">\n\t\t\t\t\t<div class=\"qodef-shortcode qodef-m  qodef-section-title qodef-alignment--left \">\n\t\t\t<h2 class=\"qodef-m-title\" style=\"color: #000000\">\n\t\t\t\t\tLenguas y contacto\t\t\t<\/h2>\n\t\t<\/div>\n\t\t\t\t<\/div>\n\t\t\t\t<\/div>\n\t\t\t\t<div class=\"elementor-element elementor-element-81d0190 elementor-hidden-desktop elementor-hidden-tablet elementor-widget elementor-widget-wellmont_core_section_title\" data-id=\"81d0190\" data-element_type=\"widget\" data-e-type=\"widget\" data-widget_type=\"wellmont_core_section_title.default\">\n\t\t\t\t<div class=\"elementor-widget-container\">\n\t\t\t\t\t<div class=\"qodef-shortcode qodef-m  qodef-section-title qodef-alignment--left \">\n\t\t\t<h3 class=\"qodef-m-title\" style=\"color: #000000\">\n\t\t\t\t\tLenguas y contacto\t\t\t<\/h3>\n\t\t<\/div>\n\t\t\t\t<\/div>\n\t\t\t\t<\/div>\n\t\t\t\t<div class=\"elementor-element elementor-element-0fd85f1 elementor-widget__width-initial elementor-widget-mobile__width-inherit elementor-widget elementor-widget-wellmont_core_section_title\" data-id=\"0fd85f1\" data-element_type=\"widget\" data-e-type=\"widget\" data-widget_type=\"wellmont_core_section_title.default\">\n\t\t\t\t<div class=\"elementor-widget-container\">\n\t\t\t\t\t<div class=\"qodef-shortcode qodef-m  qodef-section-title qodef-alignment--left \">\n\t\t\t\t\t<p class=\"qodef-m-text\" style=\"margin-top: 10px;font-size: 17px;color: #000000\">Estoy deseando conocerte y trabajar contigo para crear un cambio positivo, en el idioma con el que te sientas m\u00e1s c\u00f3modo, ya sea alem\u00e1n, ingl\u00e9s o espa\u00f1ol.\n<\/p>\n<\/div>\n\t\t\t\t<\/div>\n\t\t\t\t<\/div>\n\t\t\t\t<div class=\"elementor-element elementor-element-d17e5cb elementor-widget__width-auto elementor-widget-mobile__width-inherit elementor-widget elementor-widget-wellmont_core_button\" data-id=\"d17e5cb\" data-element_type=\"widget\" data-e-type=\"widget\" data-widget_type=\"wellmont_core_button.default\">\n\t\t\t\t<div class=\"elementor-widget-container\">\n\t\t\t\t\t<a class=\"qodef-shortcode qodef-m  qodef-button qodef-layout--filled  qodef-html--link\" href=\"https:\/\/preisscoaching.de\/kontakt\" target=\"_self\" data-hover-color=\"#000000\" data-hover-background-color=\"#FCF1DD\" data-hover-border-color=\"#FCF1DD\" style=\"color: #000000;background-color: #FCF1DD;border-color: #FCF1DD\">\n\t<span class=\"qodef-m-text\">Contacta conmigo<\/span>\n<\/a>\n\t\t\t\t<\/div>\n\t\t\t\t<\/div>\n\t\t\t\t\t<\/div>\n\t\t<\/div>\n\t\t\t\t<div class=\"elementor-column elementor-col-50 elementor-top-column elementor-element elementor-element-7c01934\" data-id=\"7c01934\" data-element_type=\"column\" data-e-type=\"column\">\n\t\t\t<div class=\"elementor-widget-wrap elementor-element-populated\">\n\t\t\t\t\t\t<div class=\"elementor-element elementor-element-4fd95fc elementor-widget__width-initial elementor-hidden-tablet elementor-hidden-mobile elementor-widget elementor-widget-wellmont_core_single_image\" data-id=\"4fd95fc\" data-element_type=\"widget\" data-e-type=\"widget\" data-widget_type=\"wellmont_core_single_image.default\">\n\t\t\t\t<div class=\"elementor-widget-container\">\n\t\t\t\t\t<div class=\"qodef-shortcode qodef-m  qodef-single-image qodef-layout--default  \">\n\t\t\t<div class=\"qodef-m-image\">\n\t\t\t\t\t\t\t\t<img loading=\"lazy\" decoding=\"async\" width=\"650\" height=\"650\" src=\"https:\/\/preisscoaching.de\/wp-content\/uploads\/2025\/02\/forget-me-not-5227806_1280-650x650.jpg\" class=\"attachment-wellmont_core_image_size_square size-wellmont_core_image_size_square\" alt=\"\" srcset=\"https:\/\/preisscoaching.de\/wp-content\/uploads\/2025\/02\/forget-me-not-5227806_1280-650x650.jpg 650w, https:\/\/preisscoaching.de\/wp-content\/uploads\/2025\/02\/forget-me-not-5227806_1280-150x150.jpg 150w\" sizes=\"(max-width: 650px) 100vw, 650px\" \/>\t\t\t\t\t\t\t<\/div>\n\t<\/div>\n\t\t\t\t<\/div>\n\t\t\t\t<\/div>\n\t\t\t\t\t<\/div>\n\t\t<\/div>\n\t\t\t\t\t<\/div>\n\t\t<\/section>\n\t\t\t\t<\/div>\n\t\t","protected":false},"excerpt":{"rendered":"<p>Coaching sistem\u00e1tico Julia Preiss Coach sist\u00e9mica y psic\u00f3loga Llevo muchos a\u00f1os apoyando a ni\u00f1os, j\u00f3venes y adultos en fases dif\u00edciles de la vida. Ya se trate de una crisis personal, una enfermedad cr\u00f3nica o mental, retos en el trabajo o la sensaci\u00f3n de estar estancado, estoy aqu\u00ed para apoyarte en tu camino. La primera vez [&hellip;]<\/p>\n","protected":false},"author":2,"featured_media":0,"parent":0,"menu_order":0,"comment_status":"closed","ping_status":"closed","template":"page-full-width.php","meta":{"footnotes":""},"class_list":["post-7402","page","type-page","status-publish","hentry"],"_links":{"self":[{"href":"https:\/\/preisscoaching.de\/es\/wp-json\/wp\/v2\/pages\/7402","targetHints":{"allow":["GET"]}}],"collection":[{"href":"https:\/\/preisscoaching.de\/es\/wp-json\/wp\/v2\/pages"}],"about":[{"href":"https:\/\/preisscoaching.de\/es\/wp-json\/wp\/v2\/types\/page"}],"author":[{"embeddable":true,"href":"https:\/\/preisscoaching.de\/es\/wp-json\/wp\/v2\/users\/2"}],"replies":[{"embeddable":true,"href":"https:\/\/preisscoaching.de\/es\/wp-json\/wp\/v2\/comments?post=7402"}],"version-history":[{"count":36,"href":"https:\/\/preisscoaching.de\/es\/wp-json\/wp\/v2\/pages\/7402\/revisions"}],"predecessor-version":[{"id":7700,"href":"https:\/\/preisscoaching.de\/es\/wp-json\/wp\/v2\/pages\/7402\/revisions\/7700"}],"wp:attachment":[{"href":"https:\/\/preisscoaching.de\/es\/wp-json\/wp\/v2\/media?parent=7402"}],"curies":[{"name":"wp","href":"https:\/\/api.w.org\/{rel}","templated":true}]}}