{"id":7410,"date":"2022-11-15T08:23:33","date_gmt":"2022-11-15T08:23:33","guid":{"rendered":"https:\/\/preisscoaching.de\/asesoramiento-psicologico\/"},"modified":"2025-03-31T20:27:11","modified_gmt":"2025-03-31T20:27:11","slug":"asesoramiento-psicologico","status":"publish","type":"page","link":"https:\/\/preisscoaching.de\/es\/asesoramiento-psicologico\/","title":{"rendered":"Asesoramiento psicol\u00f3gico"},"content":{"rendered":"\t\t<div data-elementor-type=\"wp-page\" data-elementor-id=\"7410\" class=\"elementor elementor-7410 elementor-2113\">\n\t\t\t\t\t\t<section class=\"elementor-section elementor-top-section elementor-element elementor-element-4d3429d elementor-section-full_width elementor-section-height-default elementor-section-height-default\" data-id=\"4d3429d\" data-element_type=\"section\" data-e-type=\"section\" data-settings=\"{&quot;background_background&quot;:&quot;classic&quot;}\">\n\t\t\t\t\t\t<div class=\"elementor-container elementor-column-gap-default\">\n\t\t\t\t\t<div class=\"elementor-column elementor-col-50 elementor-top-column elementor-element elementor-element-1289db3\" data-id=\"1289db3\" data-element_type=\"column\" data-e-type=\"column\">\n\t\t\t<div class=\"elementor-widget-wrap elementor-element-populated\">\n\t\t\t\t\t\t<div class=\"elementor-element elementor-element-6e4ce84 elementor-widget__width-initial elementor-hidden-tablet elementor-hidden-mobile elementor-widget-mobile__width-inherit elementor-widget elementor-widget-wellmont_core_section_title\" data-id=\"6e4ce84\" data-element_type=\"widget\" data-e-type=\"widget\" data-widget_type=\"wellmont_core_section_title.default\">\n\t\t\t\t<div class=\"elementor-widget-container\">\n\t\t\t\t\t<div class=\"qodef-shortcode qodef-m  qodef-section-title qodef-alignment--left \">\n\t\t<div class=\"qodef-m-supertitle\" >\n\t\t<h6 class=\"qodef-m-supertitle-text\">Apoyo en tiempos dif\u00edciles<\/h6>\n\t<\/div>\n\t\t<h3 class=\"qodef-m-title\" >\n\t\t\t\t\tTu asesoramiento psicol\u00f3gico  \t\t\t<\/h3>\n\t\t<\/div>\n\t\t\t\t<\/div>\n\t\t\t\t<\/div>\n\t\t\t\t<div class=\"elementor-element elementor-element-3cc9c41 elementor-widget__width-initial elementor-widget-mobile__width-inherit elementor-hidden-desktop elementor-widget elementor-widget-wellmont_core_section_title\" data-id=\"3cc9c41\" data-element_type=\"widget\" data-e-type=\"widget\" data-widget_type=\"wellmont_core_section_title.default\">\n\t\t\t\t<div class=\"elementor-widget-container\">\n\t\t\t\t\t<div class=\"qodef-shortcode qodef-m  qodef-section-title qodef-alignment--center \">\n\t\t<div class=\"qodef-m-supertitle\" >\n\t\t<h6 class=\"qodef-m-supertitle-text\">Apoyo en tiempos dif\u00edciles<\/h6>\n\t<\/div>\n\t\t<h3 class=\"qodef-m-title\" >\n\t\t\t\t\tTu asesoramiento psicol\u00f3gico  \t\t\t<\/h3>\n\t\t<\/div>\n\t\t\t\t<\/div>\n\t\t\t\t<\/div>\n\t\t\t\t<div class=\"elementor-element elementor-element-a3a47b5 elementor-widget-mobile__width-inherit elementor-widget elementor-widget-text-editor\" data-id=\"a3a47b5\" data-element_type=\"widget\" data-e-type=\"widget\" data-widget_type=\"text-editor.default\">\n\t\t\t\t<div class=\"elementor-widget-container\">\n\t\t\t\t\t\t\t\t\t<p>La vida nos enfrenta constantemente a retos que pueden alterar nuestro equilibrio interior. Las situaciones estresantes, las inseguridades o los conflictos afectan a menudo a nuestro bienestar y nos hacen sentir estancados.   <\/p><p>En el asesoramiento psicol\u00f3gico, te ayudo a procesar las experiencias dif\u00edciles y a activar tus recursos internos para que puedas afrontar los retos con mayor eficacia.<\/p><p>Como en mi coaching, adopto un enfoque sist\u00e9mico que te ve como parte de un todo mayor y se centra en tus puntos fuertes individuales.<\/p>\t\t\t\t\t\t\t\t<\/div>\n\t\t\t\t<\/div>\n\t\t\t\t\t<\/div>\n\t\t<\/div>\n\t\t\t\t<div class=\"elementor-column elementor-col-50 elementor-top-column elementor-element elementor-element-fe48a2d\" data-id=\"fe48a2d\" data-element_type=\"column\" data-e-type=\"column\">\n\t\t\t<div class=\"elementor-widget-wrap elementor-element-populated\">\n\t\t\t\t\t\t<div class=\"elementor-element elementor-element-eeb91ff elementor-widget elementor-widget-wellmont_core_single_image\" data-id=\"eeb91ff\" data-element_type=\"widget\" data-e-type=\"widget\" data-widget_type=\"wellmont_core_single_image.default\">\n\t\t\t\t<div class=\"elementor-widget-container\">\n\t\t\t\t\t<div class=\"qodef-shortcode qodef-m  qodef-single-image qodef-layout--default  \">\n\t\t\t<div class=\"qodef-m-image\">\n\t\t\t\t\t\t\t\t<img fetchpriority=\"high\" decoding=\"async\" width=\"2560\" height=\"1708\" src=\"https:\/\/preisscoaching.de\/wp-content\/uploads\/2025\/02\/hands-united-heart-community-love-scaled.jpg\" class=\"attachment-full size-full\" alt=\"\" srcset=\"https:\/\/preisscoaching.de\/wp-content\/uploads\/2025\/02\/hands-united-heart-community-love-scaled.jpg 2560w, https:\/\/preisscoaching.de\/wp-content\/uploads\/2025\/02\/hands-united-heart-community-love-300x200.jpg 300w, https:\/\/preisscoaching.de\/wp-content\/uploads\/2025\/02\/hands-united-heart-community-love-1024x683.jpg 1024w, https:\/\/preisscoaching.de\/wp-content\/uploads\/2025\/02\/hands-united-heart-community-love-768x512.jpg 768w, https:\/\/preisscoaching.de\/wp-content\/uploads\/2025\/02\/hands-united-heart-community-love-1536x1025.jpg 1536w, https:\/\/preisscoaching.de\/wp-content\/uploads\/2025\/02\/hands-united-heart-community-love-2048x1366.jpg 2048w\" sizes=\"(max-width: 2560px) 100vw, 2560px\" \/>\t\t\t\t\t\t\t<\/div>\n\t<\/div>\n\t\t\t\t<\/div>\n\t\t\t\t<\/div>\n\t\t\t\t\t<\/div>\n\t\t<\/div>\n\t\t\t\t\t<\/div>\n\t\t<\/section>\n\t\t\t\t<section class=\"elementor-section elementor-top-section elementor-element elementor-element-4899346 elementor-section-full_width qodef-elementor-content-grid elementor-section-height-default elementor-section-height-default\" data-id=\"4899346\" data-element_type=\"section\" data-e-type=\"section\">\n\t\t\t\t\t\t<div class=\"elementor-container elementor-column-gap-default\">\n\t\t\t\t\t<div class=\"elementor-column elementor-col-33 elementor-top-column elementor-element elementor-element-73c90fc\" data-id=\"73c90fc\" data-element_type=\"column\" data-e-type=\"column\">\n\t\t\t<div class=\"elementor-widget-wrap elementor-element-populated\">\n\t\t\t\t\t\t<div class=\"elementor-element elementor-element-c0a1a3f elementor-widget elementor-widget-wellmont_core_icon_with_text\" data-id=\"c0a1a3f\" data-element_type=\"widget\" data-e-type=\"widget\" data-widget_type=\"wellmont_core_icon_with_text.default\">\n\t\t\t\t<div class=\"elementor-widget-container\">\n\t\t\t\t\t<div class=\"qodef-shortcode qodef-m  qodef-icon-with-text qodef-layout--top qodef--custom-icon  qodef-alignment--center qodef-background-icon-image--yes\">\n\t<div class=\"qodef-m-icon-wrapper\">\n\t\t\t<span class=\"qodef-m-bg-icon-image\">\n\t\t<img decoding=\"async\" width=\"50\" height=\"50\" src=\"https:\/\/preisscoaching.de\/wp-content\/uploads\/2025\/03\/Backround.png\" class=\"attachment-full size-full\" alt=\"\" \/>\t<\/span>\n\t\t\t<span class=\"qodef-m-icon\" >\n\t\t\t\t<img decoding=\"async\" width=\"50\" height=\"50\" src=\"https:\/\/preisscoaching.de\/wp-content\/uploads\/2025\/02\/icons8-lightbulb-50.png\" class=\"attachment-full size-full\" alt=\"\" \/>\t\t\t<\/span>\n\t<\/div>\n\t<div class=\"qodef-m-content\">\n\t\t\t<h4 class=\"qodef-m-title\" style=\"margin-top: 23px\">\n\t\t\t\t\t<span class=\"qodef-m-title-text\">Orientado a las soluciones<\/span>\n\t\t\t<\/h4>\n\t\t\t<\/div>\n<\/div>\n\t\t\t\t<\/div>\n\t\t\t\t<\/div>\n\t\t\t\t\t<\/div>\n\t\t<\/div>\n\t\t\t\t<div class=\"elementor-column elementor-col-33 elementor-top-column elementor-element elementor-element-290b153\" data-id=\"290b153\" data-element_type=\"column\" data-e-type=\"column\">\n\t\t\t<div class=\"elementor-widget-wrap elementor-element-populated\">\n\t\t\t\t\t\t<div class=\"elementor-element elementor-element-85d3c2d elementor-widget elementor-widget-wellmont_core_icon_with_text\" data-id=\"85d3c2d\" data-element_type=\"widget\" data-e-type=\"widget\" data-widget_type=\"wellmont_core_icon_with_text.default\">\n\t\t\t\t<div class=\"elementor-widget-container\">\n\t\t\t\t\t<div class=\"qodef-shortcode qodef-m  qodef-icon-with-text qodef-layout--top qodef--custom-icon  qodef-alignment--center qodef-background-icon-image--yes\">\n\t<div class=\"qodef-m-icon-wrapper\">\n\t\t\t<span class=\"qodef-m-bg-icon-image\">\n\t\t<img decoding=\"async\" width=\"50\" height=\"50\" src=\"https:\/\/preisscoaching.de\/wp-content\/uploads\/2025\/03\/Backround.png\" class=\"attachment-full size-full\" alt=\"\" \/>\t<\/span>\n\t\t\t<span class=\"qodef-m-icon\" >\n\t\t\t\t<img loading=\"lazy\" decoding=\"async\" width=\"50\" height=\"50\" src=\"https:\/\/preisscoaching.de\/wp-content\/uploads\/2025\/02\/icons8-favorite-50.png\" class=\"attachment-full size-full\" alt=\"\" \/>\t\t\t<\/span>\n\t<\/div>\n\t<div class=\"qodef-m-content\">\n\t\t\t<h4 class=\"qodef-m-title\" style=\"margin-top: 18px\">\n\t\t\t\t\t<span class=\"qodef-m-title-text\">Apreciativo<\/span>\n\t\t\t<\/h4>\n\t\t\t<\/div>\n<\/div>\n\t\t\t\t<\/div>\n\t\t\t\t<\/div>\n\t\t\t\t\t<\/div>\n\t\t<\/div>\n\t\t\t\t<div class=\"elementor-column elementor-col-33 elementor-top-column elementor-element elementor-element-55d771f\" data-id=\"55d771f\" data-element_type=\"column\" data-e-type=\"column\">\n\t\t\t<div class=\"elementor-widget-wrap elementor-element-populated\">\n\t\t\t\t\t\t<div class=\"elementor-element elementor-element-a49e0ae elementor-widget elementor-widget-wellmont_core_icon_with_text\" data-id=\"a49e0ae\" data-element_type=\"widget\" data-e-type=\"widget\" data-widget_type=\"wellmont_core_icon_with_text.default\">\n\t\t\t\t<div class=\"elementor-widget-container\">\n\t\t\t\t\t<div class=\"qodef-shortcode qodef-m  qodef-icon-with-text qodef-layout--top qodef--custom-icon  qodef-alignment--center qodef-background-icon-image--yes\">\n\t<div class=\"qodef-m-icon-wrapper\">\n\t\t\t<span class=\"qodef-m-bg-icon-image\">\n\t\t<img decoding=\"async\" width=\"50\" height=\"50\" src=\"https:\/\/preisscoaching.de\/wp-content\/uploads\/2025\/03\/Backround.png\" class=\"attachment-full size-full\" alt=\"\" \/>\t<\/span>\n\t\t\t<span class=\"qodef-m-icon\" >\n\t\t\t\t<img loading=\"lazy\" decoding=\"async\" width=\"50\" height=\"50\" src=\"https:\/\/preisscoaching.de\/wp-content\/uploads\/2025\/02\/icons8-fingerprint-50.png\" class=\"attachment-full size-full\" alt=\"\" \/>\t\t\t<\/span>\n\t<\/div>\n\t<div class=\"qodef-m-content\">\n\t\t\t<h4 class=\"qodef-m-title\" >\n\t\t\t\t\t<span class=\"qodef-m-title-text\">individual<\/span>\n\t\t\t<\/h4>\n\t\t\t<\/div>\n<\/div>\n\t\t\t\t<\/div>\n\t\t\t\t<\/div>\n\t\t\t\t\t<\/div>\n\t\t<\/div>\n\t\t\t\t\t<\/div>\n\t\t<\/section>\n\t\t<div class=\"elementor-element elementor-element-4c0a80c e-con-full e-flex e-con e-parent\" data-id=\"4c0a80c\" data-element_type=\"container\" data-e-type=\"container\">\n\t\t\t\t<div class=\"elementor-element elementor-element-0bcf750 elementor-widget elementor-widget-wellmont_core_section_title\" data-id=\"0bcf750\" data-element_type=\"widget\" data-e-type=\"widget\" data-widget_type=\"wellmont_core_section_title.default\">\n\t\t\t\t<div class=\"elementor-widget-container\">\n\t\t\t\t\t<div class=\"qodef-shortcode qodef-m  qodef-section-title qodef-alignment--center \">\n\t\t<div class=\"qodef-m-supertitle\" >\n\t\t<h6 class=\"qodef-m-supertitle-text\">Informaci\u00f3n importante sobre el asesoramiento psicol\u00f3gico<\/h6>\n\t<\/div>\n\t\t<h2 class=\"qodef-m-title\" >\n\t\t\t\t\tPreguntas m\u00e1s frecuentes (FAQ)\t\t\t<\/h2>\n\t\t<\/div>\n\t\t\t\t<\/div>\n\t\t\t\t<\/div>\n\t\t\t\t<\/div>\n\t\t<div class=\"elementor-element elementor-element-3ea0603 e-flex e-con-boxed e-con e-parent\" data-id=\"3ea0603\" data-element_type=\"container\" data-e-type=\"container\">\n\t\t\t\t\t<div class=\"e-con-inner\">\n\t\t\t\t<div class=\"elementor-element elementor-element-dd37fdd elementor-widget__width-inherit elementor-widget elementor-widget-wellmont_core_accordion\" data-id=\"dd37fdd\" data-element_type=\"widget\" data-e-type=\"widget\" data-widget_type=\"wellmont_core_accordion.default\">\n\t\t\t\t<div class=\"elementor-widget-container\">\n\t\t\t\t\t<div class=\"qodef-shortcode qodef-m  qodef-accordion clear qodef-behavior--accordion qodef-layout--simple\">\n\t<h4 class=\"qodef-accordion-title\">\n\t<span class=\"qodef-tab-title\">\u00bfQu\u00e9 es la asesor\u00eda psicol\u00f3gica y cu\u00e1ndo deber\u00eda recurrir a ella?<\/span>\n\t<span class=\"qodef-accordion-mark\">\n\t\t<span class=\"qodef-icon--plus\"><svg class=\"qodef-svg--plus\" xmlns=\"http:\/\/www.w3.org\/2000\/svg\" xmlns:xlink=\"http:\/\/www.w3.org\/1999\/xlink\" width=\"15\" height=\"15\" viewBox=\"0 0 15 15\"><g transform=\"translate(-1575.965 -1391)\"><line y2=\"15\" transform=\"translate(1583.465 1391)\" fill=\"none\" stroke-width=\"1\"\/><line y2=\"15\" transform=\"translate(1590.965 1398.5) rotate(90)\" fill=\"none\" stroke-width=\"1\"\/><\/g><\/svg><\/span>\n\t\t<span class=\"qodef-icon--minus\"><svg class=\"qodef-svg--minus\" xmlns=\"http:\/\/www.w3.org\/2000\/svg\" xmlns:xlink=\"http:\/\/www.w3.org\/1999\/xlink\" width=\"15\" height=\"1\" viewBox=\"0 0 15 1\"><line y2=\"15\" transform=\"translate(15 0.5) rotate(90)\" fill=\"none\" stroke-width=\"1\"\/><\/svg><\/span>\n\t<\/span>\n<\/h4>\n<div class=\"qodef-accordion-content\">\n\t<div class=\"qodef-accordion-content-inner\">\n\t\t<p style=\"color: black; font-size: 18px;\"> La asesor\u00eda psicol\u00f3gica es un apoyo profesional para desaf\u00edos personales, emocionales o interpersonales. Ayuda a reflexionar sobre los problemas, desarrollar nuevas perspectivas y trabajar en soluciones. Deber\u00edas recurrir a ella cuando te encuentres en una situaci\u00f3n estresante, experimentando conflictos recurrentes o tengas dificultades con la gesti\u00f3n del estr\u00e9s, la autoestima o la toma de decisiones. A diferencia de la psicoterapia, la asesor\u00eda est\u00e1 dirigida a personas sin trastornos cl\u00ednicos o condiciones no diagnosticadas, pero que a\u00fan necesitan acompa\u00f1amiento profesional en ciertas fases de la vida. <\/p>\t<\/div>\n<\/div>\n<h4 class=\"qodef-accordion-title\">\n\t<span class=\"qodef-tab-title\">\u00bfEn qu\u00e9 temas puede ayudar la asesor\u00eda psicol\u00f3gica?<\/span>\n\t<span class=\"qodef-accordion-mark\">\n\t\t<span class=\"qodef-icon--plus\"><svg class=\"qodef-svg--plus\" xmlns=\"http:\/\/www.w3.org\/2000\/svg\" xmlns:xlink=\"http:\/\/www.w3.org\/1999\/xlink\" width=\"15\" height=\"15\" viewBox=\"0 0 15 15\"><g transform=\"translate(-1575.965 -1391)\"><line y2=\"15\" transform=\"translate(1583.465 1391)\" fill=\"none\" stroke-width=\"1\"\/><line y2=\"15\" transform=\"translate(1590.965 1398.5) rotate(90)\" fill=\"none\" stroke-width=\"1\"\/><\/g><\/svg><\/span>\n\t\t<span class=\"qodef-icon--minus\"><svg class=\"qodef-svg--minus\" xmlns=\"http:\/\/www.w3.org\/2000\/svg\" xmlns:xlink=\"http:\/\/www.w3.org\/1999\/xlink\" width=\"15\" height=\"1\" viewBox=\"0 0 15 1\"><line y2=\"15\" transform=\"translate(15 0.5) rotate(90)\" fill=\"none\" stroke-width=\"1\"\/><\/svg><\/span>\n\t<\/span>\n<\/h4>\n<div class=\"qodef-accordion-content\">\n\t<div class=\"qodef-accordion-content-inner\">\n\t\t<p style=\"color: black; font-size: 17px;\">La asesor\u00eda psicol\u00f3gica ofrece apoyo en diversas \u00e1reas de la vida, incluyendo:<\/p> <ul style=\"color: black; font-size: 17px;\"> <li><b>Crisis de vida y procesos de cambio<\/b> (por ejemplo, separaciones, transiciones, reorientaci\u00f3n)<\/li> <li><b>Gesti\u00f3n del estr\u00e9s y manejo de la presi\u00f3n<\/b><\/li> <li><b>Conflictos<\/b> en la pareja, la familia o el trabajo<\/li> <li><b>Desaf\u00edos emocionales<\/b> (por ejemplo, duelo, ansiedad, inseguridades)<\/li> <li><b>Fortalecimiento de la autoconfianza<\/b> y los recursos personales<\/li> <\/ul>\t<\/div>\n<\/div>\n<h4 class=\"qodef-accordion-title\">\n\t<span class=\"qodef-tab-title\">\u00bfEs la asesor\u00eda psicol\u00f3gica lo mismo que la psicoterapia?<\/span>\n\t<span class=\"qodef-accordion-mark\">\n\t\t<span class=\"qodef-icon--plus\"><svg class=\"qodef-svg--plus\" xmlns=\"http:\/\/www.w3.org\/2000\/svg\" xmlns:xlink=\"http:\/\/www.w3.org\/1999\/xlink\" width=\"15\" height=\"15\" viewBox=\"0 0 15 15\"><g transform=\"translate(-1575.965 -1391)\"><line y2=\"15\" transform=\"translate(1583.465 1391)\" fill=\"none\" stroke-width=\"1\"\/><line y2=\"15\" transform=\"translate(1590.965 1398.5) rotate(90)\" fill=\"none\" stroke-width=\"1\"\/><\/g><\/svg><\/span>\n\t\t<span class=\"qodef-icon--minus\"><svg class=\"qodef-svg--minus\" xmlns=\"http:\/\/www.w3.org\/2000\/svg\" xmlns:xlink=\"http:\/\/www.w3.org\/1999\/xlink\" width=\"15\" height=\"1\" viewBox=\"0 0 15 1\"><line y2=\"15\" transform=\"translate(15 0.5) rotate(90)\" fill=\"none\" stroke-width=\"1\"\/><\/svg><\/span>\n\t<\/span>\n<\/h4>\n<div class=\"qodef-accordion-content\">\n\t<div class=\"qodef-accordion-content-inner\">\n\t\t<p style=\"color: black; font-size: 17px;\">No, la asesor\u00eda psicol\u00f3gica no es psicoterapia y no la reemplaza. Mientras que la psicoterapia est\u00e1 orientada al diagn\u00f3stico y tratamiento de trastornos mentales, la asesor\u00eda psicol\u00f3gica est\u00e1 dise\u00f1ada para acompa\u00f1ar y apoyar a las personas en situaciones desafiantes de la vida. Si es necesario un tratamiento psicoterap\u00e9utico, con gusto te ayudar\u00e9 a encontrar la ayuda adecuada.<\/p>\t<\/div>\n<\/div>\n<h4 class=\"qodef-accordion-title\">\n\t<span class=\"qodef-tab-title\">\u00bfC\u00f3mo funciona el proceso de asesor\u00eda?<\/span>\n\t<span class=\"qodef-accordion-mark\">\n\t\t<span class=\"qodef-icon--plus\"><svg class=\"qodef-svg--plus\" xmlns=\"http:\/\/www.w3.org\/2000\/svg\" xmlns:xlink=\"http:\/\/www.w3.org\/1999\/xlink\" width=\"15\" height=\"15\" viewBox=\"0 0 15 15\"><g transform=\"translate(-1575.965 -1391)\"><line y2=\"15\" transform=\"translate(1583.465 1391)\" fill=\"none\" stroke-width=\"1\"\/><line y2=\"15\" transform=\"translate(1590.965 1398.5) rotate(90)\" fill=\"none\" stroke-width=\"1\"\/><\/g><\/svg><\/span>\n\t\t<span class=\"qodef-icon--minus\"><svg class=\"qodef-svg--minus\" xmlns=\"http:\/\/www.w3.org\/2000\/svg\" xmlns:xlink=\"http:\/\/www.w3.org\/1999\/xlink\" width=\"15\" height=\"1\" viewBox=\"0 0 15 1\"><line y2=\"15\" transform=\"translate(15 0.5) rotate(90)\" fill=\"none\" stroke-width=\"1\"\/><\/svg><\/span>\n\t<\/span>\n<\/h4>\n<div class=\"qodef-accordion-content\">\n\t<div class=\"qodef-accordion-content-inner\">\n\t\t<p style=\"color: black; font-size: 17px;\"> Cada sesi\u00f3n de asesor\u00eda es individual y se adapta a tus preocupaciones personales. En una primera conversaci\u00f3n, aclararemos tu tema, tus expectativas y tus metas. Ya sea que necesites un apoyo a corto plazo o prefieras una orientaci\u00f3n a largo plazo, encontraremos el enfoque adecuado para ti juntos. <\/p>\t<\/div>\n<\/div>\n<\/div>\n\t\t\t\t<\/div>\n\t\t\t\t<\/div>\n\t\t\t\t\t<\/div>\n\t\t\t\t<\/div>\n\t\t\t\t<\/div>\n\t\t","protected":false},"excerpt":{"rendered":"<p>Apoyo en tiempos dif\u00edciles Tu asesoramiento psicol\u00f3gico Apoyo en tiempos dif\u00edciles Tu asesoramiento psicol\u00f3gico La vida nos enfrenta constantemente a retos que pueden alterar nuestro equilibrio interior. Las situaciones estresantes, las inseguridades o los conflictos afectan a menudo a nuestro bienestar y nos hacen sentir estancados. En el asesoramiento psicol\u00f3gico, te ayudo a procesar las [&hellip;]<\/p>\n","protected":false},"author":1,"featured_media":0,"parent":0,"menu_order":0,"comment_status":"closed","ping_status":"closed","template":"page-full-width.php","meta":{"footnotes":""},"class_list":["post-7410","page","type-page","status-publish","hentry"],"_links":{"self":[{"href":"https:\/\/preisscoaching.de\/es\/wp-json\/wp\/v2\/pages\/7410","targetHints":{"allow":["GET"]}}],"collection":[{"href":"https:\/\/preisscoaching.de\/es\/wp-json\/wp\/v2\/pages"}],"about":[{"href":"https:\/\/preisscoaching.de\/es\/wp-json\/wp\/v2\/types\/page"}],"author":[{"embeddable":true,"href":"https:\/\/preisscoaching.de\/es\/wp-json\/wp\/v2\/users\/1"}],"replies":[{"embeddable":true,"href":"https:\/\/preisscoaching.de\/es\/wp-json\/wp\/v2\/comments?post=7410"}],"version-history":[{"count":13,"href":"https:\/\/preisscoaching.de\/es\/wp-json\/wp\/v2\/pages\/7410\/revisions"}],"predecessor-version":[{"id":7642,"href":"https:\/\/preisscoaching.de\/es\/wp-json\/wp\/v2\/pages\/7410\/revisions\/7642"}],"wp:attachment":[{"href":"https:\/\/preisscoaching.de\/es\/wp-json\/wp\/v2\/media?parent=7410"}],"curies":[{"name":"wp","href":"https:\/\/api.w.org\/{rel}","templated":true}]}}