{"id":7414,"date":"2022-11-17T12:20:14","date_gmt":"2022-11-17T12:20:14","guid":{"rendered":"https:\/\/preisscoaching.de\/contacta-con-nosotros\/"},"modified":"2025-04-01T19:05:52","modified_gmt":"2025-04-01T19:05:52","slug":"contacto","status":"publish","type":"page","link":"https:\/\/preisscoaching.de\/es\/contacto\/","title":{"rendered":"Contacto"},"content":{"rendered":"\t\t<div data-elementor-type=\"wp-page\" data-elementor-id=\"7414\" class=\"elementor elementor-7414 elementor-2774\">\n\t\t\t\t\t\t<section class=\"elementor-section elementor-top-section elementor-element elementor-element-4816a3a elementor-section-full_width qodef-elementor-content-grid elementor-section-height-default elementor-section-height-default\" data-id=\"4816a3a\" data-element_type=\"section\" data-e-type=\"section\" data-settings=\"{&quot;background_background&quot;:&quot;classic&quot;}\">\n\t\t\t\t\t\t<div class=\"elementor-container elementor-column-gap-default\">\n\t\t\t\t\t<div class=\"elementor-column elementor-col-100 elementor-top-column elementor-element elementor-element-eb6c99a\" data-id=\"eb6c99a\" data-element_type=\"column\" data-e-type=\"column\">\n\t\t\t<div class=\"elementor-widget-wrap elementor-element-populated\">\n\t\t\t\t\t\t<div class=\"elementor-element elementor-element-49eff11 elementor-hidden-tablet elementor-hidden-mobile elementor-widget elementor-widget-wellmont_core_section_title\" data-id=\"49eff11\" data-element_type=\"widget\" data-e-type=\"widget\" data-widget_type=\"wellmont_core_section_title.default\">\n\t\t\t\t<div class=\"elementor-widget-container\">\n\t\t\t\t\t<div class=\"qodef-shortcode qodef-m  qodef-section-title qodef-alignment--center \">\n\t\t\t<h1 class=\"qodef-m-title\" >\n\t\t\t\t\tFORMULARIO DE CONTACTO\t\t\t<\/h1>\n\t\t<\/div>\n\t\t\t\t<\/div>\n\t\t\t\t<\/div>\n\t\t\t\t<div class=\"elementor-element elementor-element-14cb886 elementor-hidden-desktop elementor-widget elementor-widget-wellmont_core_section_title\" data-id=\"14cb886\" data-element_type=\"widget\" data-e-type=\"widget\" data-widget_type=\"wellmont_core_section_title.default\">\n\t\t\t\t<div class=\"elementor-widget-container\">\n\t\t\t\t\t<div class=\"qodef-shortcode qodef-m  qodef-section-title qodef-alignment--center \">\n\t\t\t<h4 class=\"qodef-m-title\" >\n\t\t\t\t\tFORMULARIO DE CONTACTO\t\t\t<\/h4>\n\t\t<\/div>\n\t\t\t\t<\/div>\n\t\t\t\t<\/div>\n\t\t\t\t<div class=\"elementor-element elementor-element-e087d59 elementor-hidden-tablet elementor-hidden-mobile elementor-widget elementor-widget-wellmont_core_section_title\" data-id=\"e087d59\" data-element_type=\"widget\" data-e-type=\"widget\" data-widget_type=\"wellmont_core_section_title.default\">\n\t\t\t\t<div class=\"elementor-widget-container\">\n\t\t\t\t\t<div class=\"qodef-shortcode qodef-m  qodef-section-title qodef-alignment--center \">\n\t\t\t<h3 class=\"qodef-m-title\" >\n\t\t\t\t\tEnv\u00edame una consulta sin compromiso\t\t\t<\/h3>\n\t\t\t<p class=\"qodef-m-text\" style=\"margin-top: 10px;color: #0B0449\">Gracias por tu inter\u00e9s en la oferta. Normalmente intento responder a todas las consultas en un plazo de 2 a 3 d\u00edas. <\/p>\n<\/div>\n\t\t\t\t<\/div>\n\t\t\t\t<\/div>\n\t\t\t\t<div class=\"elementor-element elementor-element-571f53c elementor-hidden-desktop elementor-widget elementor-widget-wellmont_core_section_title\" data-id=\"571f53c\" data-element_type=\"widget\" data-e-type=\"widget\" data-widget_type=\"wellmont_core_section_title.default\">\n\t\t\t\t<div class=\"elementor-widget-container\">\n\t\t\t\t\t<div class=\"qodef-shortcode qodef-m  qodef-section-title qodef-alignment--center \">\n\t\t\t<h4 class=\"qodef-m-title\" >\n\t\t\t\t\tEnv\u00edame una consulta sin compromiso\t\t\t<\/h4>\n\t\t\t<p class=\"qodef-m-text\" style=\"margin-top: 10px;color: #0B0449\">Gracias por tu inter\u00e9s en mi oferta. Por lo general, me esfuerzo por responder a todas las consultas en un plazo de 2 a 3 d\u00edas.<\/p>\n<\/div>\n\t\t\t\t<\/div>\n\t\t\t\t<\/div>\n\t\t\t\t<div class=\"elementor-element elementor-element-2193bba elementor-widget elementor-widget-wp-widget-wellmont_core_contact_form_7\" data-id=\"2193bba\" data-element_type=\"widget\" data-e-type=\"widget\" data-widget_type=\"wp-widget-wellmont_core_contact_form_7.default\">\n\t\t\t\t<div class=\"elementor-widget-container\">\n\t\t\t\t\t\t\t\t<div class=\"qodef-contact-form-7\">\n\t\t\t\t\n<div class=\"wpcf7 no-js\" id=\"wpcf7-f7424-o1\" lang=\"es-ES\" dir=\"ltr\" data-wpcf7-id=\"7424\">\n<div class=\"screen-reader-response\"><p role=\"status\" aria-live=\"polite\" aria-atomic=\"true\"><\/p> <ul><\/ul><\/div>\n<form action=\"\/es\/wp-json\/wp\/v2\/pages\/7414#wpcf7-f7424-o1\" method=\"post\" class=\"wpcf7-form init\" aria-label=\"Formulario de contacto\" novalidate=\"novalidate\" data-status=\"init\">\n<fieldset class=\"hidden-fields-container\"><input type=\"hidden\" name=\"_wpcf7\" value=\"7424\" \/><input type=\"hidden\" name=\"_wpcf7_version\" value=\"6.1.5\" \/><input type=\"hidden\" name=\"_wpcf7_locale\" value=\"es_ES\" \/><input type=\"hidden\" name=\"_wpcf7_unit_tag\" value=\"wpcf7-f7424-o1\" \/><input type=\"hidden\" name=\"_wpcf7_container_post\" value=\"0\" \/><input type=\"hidden\" name=\"_wpcf7_posted_data_hash\" value=\"\" \/>\n<\/fieldset>\n<div class=\"contact-form\">\n    <!-- Vorname und Nachname -->\n    <label for=\"full-name\" style=\"color: black;\">Nombre y apellidos*<\/label>\n    <span class=\"wpcf7-form-control-wrap\" data-name=\"full-name\"><input size=\"40\" maxlength=\"400\" class=\"wpcf7-form-control wpcf7-text wpcf7-validates-as-required\" id=\"full-name\" aria-required=\"true\" aria-invalid=\"false\" placeholder=\"Introduce el nombre\" value=\"\" type=\"text\" name=\"full-name\" \/><\/span>\n\n    <!-- E-Mail -->\n    <label for=\"your-email\" style=\"color: black;\">Direcci\u00f3n de correo electr\u00f3nico*<\/label>\n    <span class=\"wpcf7-form-control-wrap\" data-name=\"your-email\"><input size=\"40\" maxlength=\"400\" class=\"wpcf7-form-control wpcf7-email wpcf7-validates-as-required wpcf7-text wpcf7-validates-as-email\" id=\"your-email\" aria-required=\"true\" aria-invalid=\"false\" placeholder=\"Introduce la direcci\u00f3n de correo electr\u00f3nico\" value=\"\" type=\"email\" name=\"your-email\" \/><\/span>\n\n    <!-- Telefon -->\n    <label for=\"phone\" style=\"color: black;\">N\u00famero de tel\u00e9fono*<\/label>\n    <span class=\"wpcf7-form-control-wrap\" data-name=\"phone\"><input size=\"40\" maxlength=\"400\" class=\"wpcf7-form-control wpcf7-tel wpcf7-validates-as-required wpcf7-text wpcf7-validates-as-tel\" id=\"phone\" aria-required=\"true\" aria-invalid=\"false\" placeholder=\"Introduce el n\u00famero de tel\u00e9fono\" value=\"\" type=\"tel\" name=\"phone\" \/><\/span>\n\n    <!-- Geschlecht -->\n    <label for=\"gender\" style=\"color: black;\">G\u00e9nero<\/label>\n    <span class=\"wpcf7-form-control-wrap\" data-name=\"gender\"><select class=\"wpcf7-form-control wpcf7-select\" id=\"gender\" aria-invalid=\"false\" name=\"gender\"><option value=\"Por favor, selecciona\">Por favor, selecciona<\/option><option value=\"Masculino\">Masculino<\/option><option value=\"Femenino\">Femenino<\/option><option value=\"Buceadores\">Buceadores<\/option><\/select><\/span>\n\n\n    <!-- Nachricht -->\n    <label for=\"your-message\" style=\"color: black;\">Tu mensaje<\/label>\n    <span class=\"wpcf7-form-control-wrap\" data-name=\"your-message\"><textarea cols=\"40\" rows=\"10\" maxlength=\"2000\" class=\"wpcf7-form-control wpcf7-textarea\" id=\"your-message\" aria-invalid=\"false\" placeholder=\"Describe brevemente tu petici\u00f3n o dime c\u00f3mo puedo ayudarte...\" name=\"your-message\"><\/textarea><\/span>\n\n    <!-- Datenschutz-Checkbox (Pflichtfeld) -->\n    <label for=\"privacy-policy\">\n    <span class=\"wpcf7-form-control-wrap\" data-name=\"acceptance-807\"><span class=\"wpcf7-form-control wpcf7-acceptance\"><span class=\"wpcf7-list-item\"><label><input type=\"checkbox\" name=\"acceptance-807\" value=\"1\" aria-invalid=\"false\" \/><span class=\"wpcf7-list-item-label\">Acepto el almacenamiento y tratamiento de mis datos de acuerdo con la <a href=\"https:\/\/preisscoaching.de\/datenschutz\" target=\"_blank\">pol\u00edtica de privacidad<\/a>.<\/span><\/label><\/span><\/span><\/span>\n    <\/label>\n\n<span id=\"wpcf7-69e24889eb57d-wrapper\" class=\"wpcf7-form-control-wrap honeypot-955-wrap\" style=\"display:none !important; visibility:hidden !important;\"><label for=\"wpcf7-69e24889eb57d-field\" class=\"hp-message\">Por favor, deja este campo vac\u00edo.<\/label><input id=\"wpcf7-69e24889eb57d-field\"  class=\"wpcf7-form-control wpcf7-text\" type=\"text\" name=\"honeypot-955\" value=\"\" size=\"40\" tabindex=\"-1\" autocomplete=\"new-password\" \/><\/span>\n\n    <!-- Submit-Button -->\n    <button class=\"wpcf7-form-control wpcf7-submit qodef-button qodef-size--normal qodef-layout--filled qodef-m\" type=\"submit\"><span class=\"qodef-m-text\">ENVIAR...<\/span><\/button>\n<\/div><div class=\"wpcf7-response-output\" aria-hidden=\"true\"><\/div>\n<\/form>\n<\/div>\n\t\t\t<\/div>\n\t\t\t\t\t\t\t<\/div>\n\t\t\t\t<\/div>\n\t\t\t\t\t<\/div>\n\t\t<\/div>\n\t\t\t\t\t<\/div>\n\t\t<\/section>\n\t\t\t\t<\/div>\n\t\t","protected":false},"excerpt":{"rendered":"<p>FORMULARIO DE CONTACTO FORMULARIO DE CONTACTO Env\u00edame una consulta sin compromiso Gracias por tu inter\u00e9s en la oferta. Normalmente intento responder a todas las consultas en un plazo de 2 a 3 d\u00edas. Env\u00edame una consulta sin compromiso Gracias por tu inter\u00e9s en mi oferta. Por lo general, me esfuerzo por responder a todas las [&hellip;]<\/p>\n","protected":false},"author":1,"featured_media":0,"parent":0,"menu_order":0,"comment_status":"closed","ping_status":"closed","template":"page-full-width.php","meta":{"footnotes":""},"class_list":["post-7414","page","type-page","status-publish","hentry"],"_links":{"self":[{"href":"https:\/\/preisscoaching.de\/es\/wp-json\/wp\/v2\/pages\/7414","targetHints":{"allow":["GET"]}}],"collection":[{"href":"https:\/\/preisscoaching.de\/es\/wp-json\/wp\/v2\/pages"}],"about":[{"href":"https:\/\/preisscoaching.de\/es\/wp-json\/wp\/v2\/types\/page"}],"author":[{"embeddable":true,"href":"https:\/\/preisscoaching.de\/es\/wp-json\/wp\/v2\/users\/1"}],"replies":[{"embeddable":true,"href":"https:\/\/preisscoaching.de\/es\/wp-json\/wp\/v2\/comments?post=7414"}],"version-history":[{"count":14,"href":"https:\/\/preisscoaching.de\/es\/wp-json\/wp\/v2\/pages\/7414\/revisions"}],"predecessor-version":[{"id":7665,"href":"https:\/\/preisscoaching.de\/es\/wp-json\/wp\/v2\/pages\/7414\/revisions\/7665"}],"wp:attachment":[{"href":"https:\/\/preisscoaching.de\/es\/wp-json\/wp\/v2\/media?parent=7414"}],"curies":[{"name":"wp","href":"https:\/\/api.w.org\/{rel}","templated":true}]}}